{"id":120,"date":"2010-02-28T11:57:14","date_gmt":"2010-02-28T11:57:14","guid":{"rendered":"http:\/\/192.168.100.253\/.redirected\/esblueht.de\/?page_id=120"},"modified":"2018-05-28T10:25:36","modified_gmt":"2018-05-28T09:25:36","slug":"parzellenplan","status":"publish","type":"page","link":"https:\/\/www.es-blueht.de\/?page_id=120","title":{"rendered":"Parzellenplan"},"content":{"rendered":"<div class=\"page-restrict-output\"><p style=\"text-align: left;\">Anhand des Parzellenplans, k\u00f6nnen Interessenten die freien Parzellen im Gartengel\u00e4nde finden.<\/p>\n<p style=\"text-align: center; size: 8px;\"><span style=\"font-size: xx-small;\">Auf den Plan klicken um ihn zu vergr\u00f6\u00dfern.<br \/>\n<\/span>ngg_shortcode_0_placeholder<\/p>\n<p>Alle Parzellen sind nur zum jeweiligen in der Ausschreibung festgelegten Sch\u00e4tzpreis zu erwerben und nicht verhandelbar. Anmeldungen richten Sie bitte schriftlich an den 1. Vorsitzenden. Alternativ k\u00f6nnen Sie auch das Formular unter <a href=\"?page_id=990\"><strong>Kontakt<\/strong><\/a> verwenden.<\/p>\n<\/div>","protected":false},"excerpt":{"rendered":"<div class=\"page-restrict-output\"><p>Anhand des Parzellenplans, k\u00f6nnen Interessenten die freien Parzellen im Gartengel\u00e4nde finden. Auf den Plan klicken um ihn zu vergr\u00f6\u00dfern. Alle Parzellen sind nur zum jeweiligen in der Ausschreibung festgelegten Sch\u00e4tzpreis zu erwerben und nicht verhandelbar. Anmeldungen richten Sie bitte schriftlich an den 1. Vorsitzenden. Alternativ k\u00f6nnen Sie auch das Formular unter Kontakt verwenden.<\/p>\n<\/div>","protected":false},"author":54,"featured_media":0,"parent":12,"menu_order":2,"comment_status":"closed","ping_status":"closed","template":"","meta":{"ngg_post_thumbnail":0,"footnotes":""},"class_list":["post-120","page","type-page","status-publish","hentry"],"_links":{"self":[{"href":"https:\/\/www.es-blueht.de\/index.php?rest_route=\/wp\/v2\/pages\/120","targetHints":{"allow":["GET"]}}],"collection":[{"href":"https:\/\/www.es-blueht.de\/index.php?rest_route=\/wp\/v2\/pages"}],"about":[{"href":"https:\/\/www.es-blueht.de\/index.php?rest_route=\/wp\/v2\/types\/page"}],"author":[{"embeddable":true,"href":"https:\/\/www.es-blueht.de\/index.php?rest_route=\/wp\/v2\/users\/54"}],"replies":[{"embeddable":true,"href":"https:\/\/www.es-blueht.de\/index.php?rest_route=%2Fwp%2Fv2%2Fcomments&post=120"}],"version-history":[{"count":26,"href":"https:\/\/www.es-blueht.de\/index.php?rest_route=\/wp\/v2\/pages\/120\/revisions"}],"predecessor-version":[{"id":2231,"href":"https:\/\/www.es-blueht.de\/index.php?rest_route=\/wp\/v2\/pages\/120\/revisions\/2231"}],"up":[{"embeddable":true,"href":"https:\/\/www.es-blueht.de\/index.php?rest_route=\/wp\/v2\/pages\/12"}],"wp:attachment":[{"href":"https:\/\/www.es-blueht.de\/index.php?rest_route=%2Fwp%2Fv2%2Fmedia&parent=120"}],"curies":[{"name":"wp","href":"https:\/\/api.w.org\/{rel}","templated":true}]}}