{"id":126,"date":"2010-02-28T12:04:18","date_gmt":"2010-02-28T12:04:18","guid":{"rendered":"http:\/\/192.168.100.253\/.redirected\/esblueht.de\/?page_id=126"},"modified":"2018-05-28T12:46:16","modified_gmt":"2018-05-28T11:46:16","slug":"richtlinien-fur-kleingarten","status":"publish","type":"page","link":"https:\/\/www.es-blueht.de\/?page_id=126","title":{"rendered":"Richtlinien f\u00fcr Kleing\u00e4rten"},"content":{"rendered":"<div class=\"page-restrict-output\"><p>Auch f\u00fcr uns Kleing\u00e4rtner gibt es ein paar Regeln.<br \/>\nFolgendes gilt es zu beachten:<\/p>\n<p>\u2022 <a href=\"https:\/\/www.gesetze-im-internet.de\/bkleingg\/BJNR002100983.html\" target=\"_blank\" rel=\"noopener\"><strong>Bundeskleingartengesetz<\/strong><\/a><br \/>\n\u2022 <a href=\"?page_id=136\"><strong>Nicht geleistete Pflichtstunden sind entgeltlich zu entrichten<\/strong><\/a><br \/>\n\u2022 <a href=\"?page_id=144\"><strong>R\u00fcckbauverpflichtung rechtswidrig errichteter bzw. \u00fcbergro\u00dfer Bauwerke<\/strong><\/a><br \/>\n\u2022 <a href=\"?page_id=150\"><strong>Wie viel ist die Laube wert?<\/strong><\/a> <span style=\"font-size: xx-small;\">BDG-Pr\u00e4sidium zur Wertermittlung bei Kleing\u00e4rten<\/span><br \/>\n\u2022 <a href=\"wp-content\/uploads\/2010\/02\/Schaetzungsrichtlinien.pdf\" target=\"_blank\" rel=\"noopener\"><strong>Sch\u00e4tzerrichtlinien &#8211; Wie wird eine Parzelle beim P\u00e4chterwechsel gesch\u00e4tzt<\/strong><\/a><br \/>\n\u2022 <a href=\"?page_id=163\"><strong>BGH definiert Begriff&nbsp; &#8222;Kleing\u00e4rtnerische Nutzung&#8220;<\/strong><\/a><\/p>\n<\/div>","protected":false},"excerpt":{"rendered":"<div class=\"page-restrict-output\"><p>Auch f\u00fcr uns Kleing\u00e4rtner gibt es ein paar Regeln. Folgendes gilt es zu beachten: \u2022 Bundeskleingartengesetz \u2022 Nicht geleistete Pflichtstunden sind entgeltlich zu entrichten \u2022 R\u00fcckbauverpflichtung rechtswidrig errichteter bzw. \u00fcbergro\u00dfer Bauwerke \u2022 Wie viel ist die Laube wert? BDG-Pr\u00e4sidium zur Wertermittlung bei Kleing\u00e4rten \u2022 Sch\u00e4tzerrichtlinien &#8211; Wie wird eine Parzelle beim P\u00e4chterwechsel gesch\u00e4tzt \u2022 BGH [&hellip;]<\/p>\n<\/div>","protected":false},"author":54,"featured_media":0,"parent":12,"menu_order":4,"comment_status":"closed","ping_status":"closed","template":"","meta":{"ngg_post_thumbnail":0,"footnotes":""},"class_list":["post-126","page","type-page","status-publish","hentry"],"_links":{"self":[{"href":"https:\/\/www.es-blueht.de\/index.php?rest_route=\/wp\/v2\/pages\/126","targetHints":{"allow":["GET"]}}],"collection":[{"href":"https:\/\/www.es-blueht.de\/index.php?rest_route=\/wp\/v2\/pages"}],"about":[{"href":"https:\/\/www.es-blueht.de\/index.php?rest_route=\/wp\/v2\/types\/page"}],"author":[{"embeddable":true,"href":"https:\/\/www.es-blueht.de\/index.php?rest_route=\/wp\/v2\/users\/54"}],"replies":[{"embeddable":true,"href":"https:\/\/www.es-blueht.de\/index.php?rest_route=%2Fwp%2Fv2%2Fcomments&post=126"}],"version-history":[{"count":22,"href":"https:\/\/www.es-blueht.de\/index.php?rest_route=\/wp\/v2\/pages\/126\/revisions"}],"predecessor-version":[{"id":2255,"href":"https:\/\/www.es-blueht.de\/index.php?rest_route=\/wp\/v2\/pages\/126\/revisions\/2255"}],"up":[{"embeddable":true,"href":"https:\/\/www.es-blueht.de\/index.php?rest_route=\/wp\/v2\/pages\/12"}],"wp:attachment":[{"href":"https:\/\/www.es-blueht.de\/index.php?rest_route=%2Fwp%2Fv2%2Fmedia&parent=126"}],"curies":[{"name":"wp","href":"https:\/\/api.w.org\/{rel}","templated":true}]}}