{"id":1319,"date":"2014-03-03T19:59:44","date_gmt":"2014-03-03T19:59:44","guid":{"rendered":"http:\/\/www.es-blueht.de\/?page_id=1319"},"modified":"2026-01-09T08:11:58","modified_gmt":"2026-01-09T07:11:58","slug":"termine","status":"publish","type":"page","link":"https:\/\/www.es-blueht.de\/?page_id=1319","title":{"rendered":"Termine"},"content":{"rendered":"<div class=\"page-restrict-output\"><p>Was ist los im Gartenverein? Hier findet ihr die Termin f\u00fcr den GBV. Schaut ruhig \u00f6fter mal rein, Termine k\u00f6nnen sich auch \u00e4ndern!<\/p>\n<p>&nbsp;<\/p>\n<table style=\"height: 298px; width: 100%;\">\n<tbody>\n<tr style=\"background-color: #7aa228;\">\n<td style=\"width: 18.3359%; height: 24px;\"><strong><span style=\"color: #ffffff;\">Datum<\/span><\/strong><\/td>\n<td style=\"width: 16.1787%; height: 24px;\"><strong><span style=\"color: #ffffff;\">Uhrzeit<\/span><\/strong><\/td>\n<td style=\"width: 44.8382%; height: 24px;\"><strong><span style=\"color: #ffffff;\">Was steht an?<\/span><\/strong><\/td>\n<td style=\"width: 8.01238%; height: 24px;\"><strong><span style=\"color: #ffffff;\">&nbsp;<\/span><\/strong><\/td>\n<\/tr>\n<tr style=\"height: 24px;\">\n<td style=\"width: 18.3359%; height: 24px;\">28.03.2026<\/td>\n<td style=\"width: 16.1787%; height: 24px;\">ab 10 Uhr<\/td>\n<td style=\"width: 44.8382%; height: 24px;\"><span style=\"color: #000000;\">Wasser wird angestellt<\/span><\/td>\n<td style=\"width: 8.01238%; text-align: center; height: 24px;\"><span style=\"color: #008000;\"><strong>GA<\/strong><\/span><\/td>\n<\/tr>\n<tr style=\"height: 24px;\">\n<td style=\"width: 18.3359%; height: 24px;\">11.04.2026<\/td>\n<td style=\"width: 16.1787%; height: 24px;\">ab 10 Uhr<\/td>\n<td style=\"width: 44.8382%; height: 24px;\"><span style=\"color: #000000;\">Schreddern<\/span><\/td>\n<td style=\"width: 8.01238%; text-align: center; height: 24px;\"><span style=\"color: #008000;\"><strong>GA<\/strong><\/span><\/td>\n<\/tr>\n<tr style=\"height: 24px;\">\n<td style=\"width: 18.3359%; height: 24px;\">17.04.2026<\/td>\n<td style=\"width: 16.1787%; height: 24px;\">ca. 18 Uhr<\/td>\n<td style=\"width: 44.8382%; height: 24px;\"><span style=\"color: #000000;\">Mitgliederversammlung<\/span><\/td>\n<td style=\"width: 8.01238%; text-align: center; height: 24px;\"><span style=\"color: #008000;\"><strong>&nbsp;<\/strong><\/span><\/td>\n<\/tr>\n<tr style=\"height: 24px;\">\n<td style=\"width: 18.3359%; height: 24px;\">09.05.2026<\/td>\n<td style=\"width: 16.1787%; height: 24px;\">13-15 Uhr<\/td>\n<td style=\"width: 44.8382%; height: 24px;\"><span style=\"color: #000000;\">Jour fixe<\/span><\/td>\n<td style=\"width: 8.01238%; text-align: center; height: 24px;\"><span style=\"color: #008000;\"><strong>&nbsp;<\/strong><\/span><\/td>\n<\/tr>\n<tr>\n<td style=\"width: 18.3359%;\">27.06.2026<\/td>\n<td style=\"width: 16.1787%;\">ab 15 Uhr<\/td>\n<td style=\"width: 44.8382%;\"><span style=\"color: #000000;\">Sommerfest<\/span><\/td>\n<td style=\"width: 8.01238%; text-align: center;\"><span style=\"color: #008000;\"><strong>&nbsp;<\/strong><\/span><\/td>\n<\/tr>\n<tr style=\"height: 24px;\">\n<td style=\"width: 18.3359%; height: 24px;\">04.07.2026<\/td>\n<td style=\"width: 16.1787%; height: 24px;\">ab 10 Uhr<\/td>\n<td style=\"width: 44.8382%; height: 24px;\"><span style=\"color: #000000;\">Vereinsarbeiten<\/span><\/td>\n<td style=\"width: 8.01238%; text-align: center; height: 24px;\"><span style=\"color: #008000;\"><strong>GA<\/strong><\/span><\/td>\n<\/tr>\n<tr style=\"height: 24px;\">\n<td style=\"width: 18.3359%; height: 24px;\">11.07.2026<\/td>\n<td style=\"width: 16.1787%; height: 24px;\">13-15 Uhr<\/td>\n<td style=\"width: 44.8382%; height: 24px;\"><span style=\"color: #000000;\">Jour fixe<\/span><\/td>\n<td style=\"width: 8.01238%; text-align: center; height: 24px;\"><span style=\"color: #008000;\"><strong>&nbsp;<\/strong><\/span><\/td>\n<\/tr>\n<tr style=\"height: 24px;\">\n<td style=\"width: 18.3359%; height: 24px;\">12.09.2026<\/td>\n<td style=\"width: 16.1787%; height: 24px;\">13-15 Uhr<\/td>\n<td style=\"width: 44.8382%; height: 24px;\"><span style=\"color: #000000;\">Jour fixe<\/span><\/td>\n<td style=\"width: 8.01238%; text-align: center; height: 24px;\"><span style=\"color: #008000;\"><strong>&nbsp;<\/strong><\/span><\/td>\n<\/tr>\n<tr style=\"height: 24px;\">\n<td style=\"width: 18.3359%; height: 24px;\">19.09.2026<\/td>\n<td style=\"width: 16.1787%; height: 24px;\">ab 10 Uhr<\/td>\n<td style=\"width: 44.8382%; height: 24px;\"><span style=\"color: #000000;\">Vereinsarbeiten<\/span><\/td>\n<td style=\"width: 8.01238%; text-align: center; height: 24px;\"><span style=\"color: #008000;\"><strong>GA<\/strong><\/span><\/td>\n<\/tr>\n<tr style=\"height: 24px;\">\n<td style=\"width: 18.3359%; height: 24px;\">07.11.2026<\/td>\n<td style=\"width: 16.1787%; height: 24px;\">ab 10 Uhr<\/td>\n<td style=\"width: 44.8382%; height: 24px;\"><span style=\"color: #000000;\">Wasser wird abgestellt<br \/>\n<\/span><\/td>\n<td style=\"width: 8.01238%; text-align: center; height: 24px;\"><span style=\"color: #008000;\"><strong>GA<\/strong><\/span><\/td>\n<\/tr>\n<tr>\n<td style=\"width: 18.3359%;\">28.11.2026<\/td>\n<td style=\"width: 16.1787%;\">ab 15 Uhr<\/td>\n<td style=\"width: 44.8382%;\"><span style=\"color: #000000;\">Gl\u00fchweinausschank im Verein<\/span><\/td>\n<td style=\"width: 8.01238%; text-align: center;\"><span style=\"color: #008000;\"><strong>&nbsp;<\/strong><\/span><\/td>\n<\/tr>\n<tr>\n<td style=\"width: 18.3359%;\">05.12.2026<\/td>\n<td style=\"width: 16.1787%;\">ab 10 Uhr<\/td>\n<td style=\"width: 44.8382%;\"><span style=\"color: #000000;\">Dr\u00e4nagen auf dem Parkplatz vom Laub befreien<\/span><\/td>\n<td style=\"width: 8.01238%; text-align: center;\"><span style=\"color: #008000;\"><strong>GA<\/strong><\/span><\/td>\n<\/tr>\n<\/tbody>\n<\/table>\n<p>&nbsp;<\/p>\n<p>\nDie mit <span style=\"color: #008000;\"><strong>GA<\/strong><\/span> gekennzeichneten Termine sind f\u00fcr Gemeinschaftsarbeiten vorgesehen.&nbsp;Zur Teilnahme daran kann sich <a href=\"https:\/\/www.es-blueht.de\/?page_id=1357\"><strong>hier<\/strong><\/a> direkt angemeldet werden.<\/p>\n<p>Wie Sie \/ Ihr sicherlich wisst, werden nicht geleistete Gemeinschaftsarbeitsstunden lt. Mitgliederbeschluss auf der n\u00e4chsten Jahresabrechnung mit 120\u20ac verrechnet. Es gibt auch die M\u00f6glichkeit eine Ersatzperson zur Gemeinschaftsarbeit zu schicken. Diese braucht dann f\u00fcr den Versicherungsschutz eine Vollmacht.<\/p>\n<p>&nbsp;<\/p>\n<\/div>","protected":false},"excerpt":{"rendered":"<div class=\"page-restrict-output\"><p>Was ist los im Gartenverein? Hier findet ihr die Termin f\u00fcr den GBV. Schaut ruhig \u00f6fter mal rein, Termine k\u00f6nnen sich auch \u00e4ndern! &nbsp; Datum Uhrzeit Was steht an? &nbsp; 28.03.2026 ab 10 Uhr Wasser wird angestellt GA 11.04.2026 ab 10 Uhr Schreddern GA 17.04.2026 ca. 18 Uhr Mitgliederversammlung &nbsp; 09.05.2026 13-15 Uhr Jour fixe [&hellip;]<\/p>\n<\/div>","protected":false},"author":2,"featured_media":0,"parent":0,"menu_order":0,"comment_status":"closed","ping_status":"open","template":"","meta":{"ngg_post_thumbnail":0,"footnotes":""},"class_list":["post-1319","page","type-page","status-publish","hentry"],"_links":{"self":[{"href":"https:\/\/www.es-blueht.de\/index.php?rest_route=\/wp\/v2\/pages\/1319","targetHints":{"allow":["GET"]}}],"collection":[{"href":"https:\/\/www.es-blueht.de\/index.php?rest_route=\/wp\/v2\/pages"}],"about":[{"href":"https:\/\/www.es-blueht.de\/index.php?rest_route=\/wp\/v2\/types\/page"}],"author":[{"embeddable":true,"href":"https:\/\/www.es-blueht.de\/index.php?rest_route=\/wp\/v2\/users\/2"}],"replies":[{"embeddable":true,"href":"https:\/\/www.es-blueht.de\/index.php?rest_route=%2Fwp%2Fv2%2Fcomments&post=1319"}],"version-history":[{"count":81,"href":"https:\/\/www.es-blueht.de\/index.php?rest_route=\/wp\/v2\/pages\/1319\/revisions"}],"predecessor-version":[{"id":3668,"href":"https:\/\/www.es-blueht.de\/index.php?rest_route=\/wp\/v2\/pages\/1319\/revisions\/3668"}],"wp:attachment":[{"href":"https:\/\/www.es-blueht.de\/index.php?rest_route=%2Fwp%2Fv2%2Fmedia&parent=1319"}],"curies":[{"name":"wp","href":"https:\/\/api.w.org\/{rel}","templated":true}]}}