{"id":1357,"date":"2014-03-12T07:23:09","date_gmt":"2014-03-12T07:23:09","guid":{"rendered":"http:\/\/www.es-blueht.de\/?page_id=1357"},"modified":"2025-07-16T13:47:49","modified_gmt":"2025-07-16T12:47:49","slug":"gemeinschaftsarbeit","status":"publish","type":"page","link":"https:\/\/www.es-blueht.de\/?page_id=1357","title":{"rendered":"Gemeinschaftsarbeit"},"content":{"rendered":"<div class=\"page-restrict-output\"><p>Liebe Gartenfreundinnen und Gartenfreunde,&nbsp;<\/p>\n<p>in jedem Jahr&nbsp;gibt es mehrere Termine f\u00fcr die Gemeinschaftsarbeit und ihr d\u00fcrft euch einen davon aussuchen.&nbsp;<strong>An diesen Tagen treffen wir uns um 10 Uhr (meist am Vereinsschuppen),&nbsp;<\/strong>um gemeinsam unseren Verein in Ordnung zu halten. In der Regel sind diese Termine immer an einem Samstag. Dauer je nach Aufgaben ca. 4-6 Stunden.&nbsp;F\u00fcr Getr\u00e4nke und kleine Leckerbissen sorgen wir.<\/p>\n<p>Alle Funktionstr\u00e4gerinnen und Funktionstr\u00e4ger sind von der Gemeinschaftsarbeit befreit. Alle anderen Vereinsmitglieder sind verpflichtet, in jedem Jahr die Gemeinschaftsarbeit von mindestens sechs Stunden zu leisten. Wer nicht teilnimmt, zahlt laut Satzung \/ Gartenordnung und Mitgliederbeschluss pro nicht geleisteter Stunde 20 \u20ac, macht 120 \u20ac. Dieser Betrag wird mit der n\u00e4chsten Jahresrechnung in Rechnung gestellt. Es gibt aber auch die M\u00f6glichkeit eine Ersatzperson zur Gemeinschaftsarbeit zu schicken. Diese braucht dann f\u00fcr den Versicherungsschutz eine Vollmacht.<\/p>\n<p>Sucht Euch bitte einen&nbsp;<a href=\"?page_id=1319\" target=\"_blank\" rel=\"noopener noreferrer\" data-saferedirecturl=\"https:\/\/www.google.com\/url?q=https:\/\/www.es-blueht.de\/?page_id%3D1319&amp;source=gmail&amp;ust=1751183200305000&amp;usg=AOvVaw1K80GQG5fPB1nM-8fJ4nEO\"><strong>Termin<\/strong><\/a>&nbsp;aus und meldet Euch gleich \u00fcber das Formular an.<\/p>\n<h3><strong>Anmeldung zur Gemeinschaftsarbeit<\/strong><\/h3>\n\n<div class=\"wpcf7 no-js\" id=\"wpcf7-f1333-o1\" lang=\"en-US\" dir=\"ltr\" data-wpcf7-id=\"1333\">\n<div class=\"screen-reader-response\"><p role=\"status\" aria-live=\"polite\" aria-atomic=\"true\"><\/p> <ul><\/ul><\/div>\n<form action=\"\/index.php?rest_route=%2Fwp%2Fv2%2Fpages%2F1357#wpcf7-f1333-o1\" method=\"post\" class=\"wpcf7-form init\" aria-label=\"Contact form\" novalidate=\"novalidate\" data-status=\"init\">\n<fieldset class=\"hidden-fields-container\"><input type=\"hidden\" name=\"_wpcf7\" value=\"1333\" \/><input type=\"hidden\" name=\"_wpcf7_version\" value=\"6.1.5\" \/><input type=\"hidden\" name=\"_wpcf7_locale\" value=\"en_US\" \/><input type=\"hidden\" name=\"_wpcf7_unit_tag\" value=\"wpcf7-f1333-o1\" \/><input type=\"hidden\" name=\"_wpcf7_container_post\" value=\"0\" \/><input type=\"hidden\" name=\"_wpcf7_posted_data_hash\" value=\"\" \/><input type=\"hidden\" name=\"_wpcf7_recaptcha_response\" value=\"\" \/>\n<\/fieldset>\n<p>Dein Vor- und Nachname\n<\/p>\n<p><span class=\"wpcf7-form-control-wrap\" data-name=\"your-name\"><input size=\"40\" maxlength=\"400\" class=\"wpcf7-form-control wpcf7-text wpcf7-validates-as-required\" id=\"Name_voll\" aria-required=\"true\" aria-invalid=\"false\" value=\"\" type=\"text\" name=\"your-name\" \/><\/span>\n<\/p>\n<p>Deine E-Mail Adresse (f\u00fcr R\u00fcckfragen)\n<\/p>\n<p><span class=\"wpcf7-form-control-wrap\" data-name=\"your-email\"><input size=\"40\" maxlength=\"400\" class=\"wpcf7-form-control wpcf7-email wpcf7-validates-as-required wpcf7-text wpcf7-validates-as-email\" id=\"E-Mail\" aria-required=\"true\" aria-invalid=\"false\" value=\"\" type=\"email\" name=\"your-email\" \/><\/span>\n<\/p>\n<p>Deine Nachricht \/ Anmeldung zur Gemeinschaftsarbeit\n<\/p>\n<p><span class=\"wpcf7-form-control-wrap\" data-name=\"your-message\"><textarea cols=\"45\" rows=\"5\" maxlength=\"2000\" class=\"wpcf7-form-control wpcf7-textarea wpcf7-validates-as-required\" id=\"Nachricht\" aria-required=\"true\" aria-invalid=\"false\" name=\"your-message\"><\/textarea><\/span>\n<\/p>\n<p><input class=\"wpcf7-form-control wpcf7-submit has-spinner\" type=\"submit\" value=\"Anmeldung absenden\" \/>\n<\/p>\n<p style=\"display: none !important;\" class=\"akismet-fields-container\" data-prefix=\"_wpcf7_ak_\"><label>&#916;<textarea name=\"_wpcf7_ak_hp_textarea\" cols=\"45\" rows=\"8\" maxlength=\"100\"><\/textarea><\/label><input type=\"hidden\" id=\"ak_js_1\" name=\"_wpcf7_ak_js\" value=\"16\"\/><script type=\"text\/javascript\">\n\/* <![CDATA[ *\/\ndocument.getElementById( \"ak_js_1\" ).setAttribute( \"value\", ( new Date() ).getTime() );\n\/* ]]> *\/\n<\/script>\n<\/p><div class=\"wpcf7-response-output\" aria-hidden=\"true\"><\/div>\n<\/form>\n<\/div>\n\n<p><strong>Alternative Anmeldem\u00f6glichkeiten:<\/strong><\/p>\n<ul style=\"font-weight: 400;\">\n<li>pers\u00f6nlich bei Parzelle 38 (Brigitte Wendt)<\/li>\n<li>per E-Mail an:&nbsp;<strong><u><a href=\"mailto:parzelle38@es-blueht.de\">parzelle38@es-blueht.de<\/a><\/u><\/strong><\/li>\n<li>per Telefon: &nbsp;<strong>0170 \/ 1130911<\/strong><\/li>\n<\/ul>\n<p>Wir bauen auf euch und hoffen auf rege und freiwillige Teilnahme!<\/p>\n<\/div>","protected":false},"excerpt":{"rendered":"<div class=\"page-restrict-output\"><p>Liebe Gartenfreundinnen und Gartenfreunde,&nbsp; in jedem Jahr&nbsp;gibt es mehrere Termine f\u00fcr die Gemeinschaftsarbeit und ihr d\u00fcrft euch einen davon aussuchen.&nbsp;An diesen Tagen treffen wir uns um 10 Uhr (meist am Vereinsschuppen),&nbsp;um gemeinsam unseren Verein in Ordnung zu halten. In der Regel sind diese Termine immer an einem Samstag. Dauer je nach Aufgaben ca. 4-6 Stunden.&nbsp;F\u00fcr [&hellip;]<\/p>\n<\/div>","protected":false},"author":2,"featured_media":0,"parent":39,"menu_order":3,"comment_status":"closed","ping_status":"closed","template":"","meta":{"ngg_post_thumbnail":0,"footnotes":""},"class_list":["post-1357","page","type-page","status-publish","hentry"],"_links":{"self":[{"href":"https:\/\/www.es-blueht.de\/index.php?rest_route=\/wp\/v2\/pages\/1357","targetHints":{"allow":["GET"]}}],"collection":[{"href":"https:\/\/www.es-blueht.de\/index.php?rest_route=\/wp\/v2\/pages"}],"about":[{"href":"https:\/\/www.es-blueht.de\/index.php?rest_route=\/wp\/v2\/types\/page"}],"author":[{"embeddable":true,"href":"https:\/\/www.es-blueht.de\/index.php?rest_route=\/wp\/v2\/users\/2"}],"replies":[{"embeddable":true,"href":"https:\/\/www.es-blueht.de\/index.php?rest_route=%2Fwp%2Fv2%2Fcomments&post=1357"}],"version-history":[{"count":34,"href":"https:\/\/www.es-blueht.de\/index.php?rest_route=\/wp\/v2\/pages\/1357\/revisions"}],"predecessor-version":[{"id":3609,"href":"https:\/\/www.es-blueht.de\/index.php?rest_route=\/wp\/v2\/pages\/1357\/revisions\/3609"}],"up":[{"embeddable":true,"href":"https:\/\/www.es-blueht.de\/index.php?rest_route=\/wp\/v2\/pages\/39"}],"wp:attachment":[{"href":"https:\/\/www.es-blueht.de\/index.php?rest_route=%2Fwp%2Fv2%2Fmedia&parent=1357"}],"curies":[{"name":"wp","href":"https:\/\/api.w.org\/{rel}","templated":true}]}}