{"id":1405,"date":"2014-04-19T18:33:14","date_gmt":"2014-04-19T18:33:14","guid":{"rendered":"http:\/\/www.es-blueht.de\/?page_id=1405"},"modified":"2021-09-01T08:30:42","modified_gmt":"2021-09-01T07:30:42","slug":"osterfeuer-2014","status":"publish","type":"page","link":"https:\/\/www.es-blueht.de\/?page_id=1405","title":{"rendered":"Osterfeuer 2014"},"content":{"rendered":"<div class=\"page-restrict-output\"><p><a href=\"?page_id=498\">\u00ab Zur\u00fcck zur \u00dcbersicht<\/a><\/p>\nngg_shortcode_0_placeholder\n<p><a href=\"?page_id=498\">\u00ab Zur\u00fcck zur \u00dcbersicht<\/a><\/p>\n<p>&nbsp;<\/p>\n<p>Wer m\u00f6chte kann zu den hier gezeigten Bildern einen Kommentar hinterlassen.<\/p>\n<\/div>","protected":false},"excerpt":{"rendered":"<div class=\"page-restrict-output\"><p>\u00ab Zur\u00fcck zur \u00dcbersicht \u00ab Zur\u00fcck zur \u00dcbersicht &nbsp; Wer m\u00f6chte kann zu den hier gezeigten Bildern einen Kommentar hinterlassen.<\/p>\n<\/div>","protected":false},"author":2,"featured_media":0,"parent":498,"menu_order":0,"comment_status":"open","ping_status":"open","template":"","meta":{"ngg_post_thumbnail":0,"footnotes":""},"class_list":["post-1405","page","type-page","status-publish","hentry"],"_links":{"self":[{"href":"https:\/\/www.es-blueht.de\/index.php?rest_route=\/wp\/v2\/pages\/1405","targetHints":{"allow":["GET"]}}],"collection":[{"href":"https:\/\/www.es-blueht.de\/index.php?rest_route=\/wp\/v2\/pages"}],"about":[{"href":"https:\/\/www.es-blueht.de\/index.php?rest_route=\/wp\/v2\/types\/page"}],"author":[{"embeddable":true,"href":"https:\/\/www.es-blueht.de\/index.php?rest_route=\/wp\/v2\/users\/2"}],"replies":[{"embeddable":true,"href":"https:\/\/www.es-blueht.de\/index.php?rest_route=%2Fwp%2Fv2%2Fcomments&post=1405"}],"version-history":[{"count":6,"href":"https:\/\/www.es-blueht.de\/index.php?rest_route=\/wp\/v2\/pages\/1405\/revisions"}],"predecessor-version":[{"id":3133,"href":"https:\/\/www.es-blueht.de\/index.php?rest_route=\/wp\/v2\/pages\/1405\/revisions\/3133"}],"up":[{"embeddable":true,"href":"https:\/\/www.es-blueht.de\/index.php?rest_route=\/wp\/v2\/pages\/498"}],"wp:attachment":[{"href":"https:\/\/www.es-blueht.de\/index.php?rest_route=%2Fwp%2Fv2%2Fmedia&parent=1405"}],"curies":[{"name":"wp","href":"https:\/\/api.w.org\/{rel}","templated":true}]}}