{"id":1478,"date":"2014-10-15T16:16:05","date_gmt":"2014-10-15T16:16:05","guid":{"rendered":"http:\/\/www.es-blueht.de\/?page_id=1478"},"modified":"2018-05-29T12:00:54","modified_gmt":"2018-05-29T11:00:54","slug":"zaehlerstanderfassung","status":"publish","type":"page","link":"https:\/\/www.es-blueht.de\/?page_id=1478","title":{"rendered":"Z\u00e4hlerstanderfassung &#8211; Wasseruhren"},"content":{"rendered":"<div class=\"page-restrict-output\"><p>Auf dieser Seite k\u00f6nnen alle Parzelleninhaber den Z\u00e4hlerstand ihrer Wasseruhr auf elektronischem Wege an die zust\u00e4ndige Stelle im Vorstand \u00fcbermitteln. Das Ausf\u00fcllen der Wasserz\u00e4hlerkarte entf\u00e4llt damit. Alle Felder sind Pflichtfelder.<\/p>\n<h3><strong>Z\u00e4hlerstanderfassung<\/strong><\/h3>\n\n<div class=\"wpcf7 no-js\" id=\"wpcf7-f1477-o1\" lang=\"de-DE\" dir=\"ltr\" data-wpcf7-id=\"1477\">\n<div class=\"screen-reader-response\"><p role=\"status\" aria-live=\"polite\" aria-atomic=\"true\"><\/p> <ul><\/ul><\/div>\n<form action=\"\/index.php?rest_route=%2Fwp%2Fv2%2Fpages%2F1478#wpcf7-f1477-o1\" method=\"post\" class=\"wpcf7-form init\" aria-label=\"Kontaktformular\" novalidate=\"novalidate\" data-status=\"init\">\n<fieldset class=\"hidden-fields-container\"><input type=\"hidden\" name=\"_wpcf7\" value=\"1477\" \/><input type=\"hidden\" name=\"_wpcf7_version\" value=\"6.1.5\" \/><input type=\"hidden\" name=\"_wpcf7_locale\" value=\"de_DE\" \/><input type=\"hidden\" name=\"_wpcf7_unit_tag\" value=\"wpcf7-f1477-o1\" \/><input type=\"hidden\" name=\"_wpcf7_container_post\" value=\"0\" \/><input type=\"hidden\" name=\"_wpcf7_posted_data_hash\" value=\"\" \/><input type=\"hidden\" name=\"_wpcf7_recaptcha_response\" value=\"\" \/>\n<\/fieldset>\n<p>Parzellennummer<br \/>\n<span class=\"wpcf7-form-control-wrap\" data-name=\"text-85\"><input size=\"3\" maxlength=\"3\" class=\"wpcf7-form-control wpcf7-text wpcf7-validates-as-required\" id=\"Parzellennummer\" aria-required=\"true\" aria-invalid=\"false\" value=\"\" type=\"text\" name=\"text-85\" \/><\/span>\n<\/p>\n<p>Vorname<br \/>\n<span class=\"wpcf7-form-control-wrap\" data-name=\"text-806\"><input size=\"25\" maxlength=\"30\" class=\"wpcf7-form-control wpcf7-text wpcf7-validates-as-required\" id=\"Vorname\" aria-required=\"true\" aria-invalid=\"false\" value=\"\" type=\"text\" name=\"text-806\" \/><\/span>\n<\/p>\n<p>Nachname<br \/>\n<span class=\"wpcf7-form-control-wrap\" data-name=\"text-889\"><input size=\"25\" maxlength=\"30\" class=\"wpcf7-form-control wpcf7-text wpcf7-validates-as-required\" id=\"Nachname\" aria-required=\"true\" aria-invalid=\"false\" value=\"\" type=\"text\" name=\"text-889\" \/><\/span>\n<\/p>\n<p>E-Mail-Adresse<br \/>\n<span class=\"wpcf7-form-control-wrap\" data-name=\"your-email\"><input size=\"40\" maxlength=\"400\" class=\"wpcf7-form-control wpcf7-email wpcf7-validates-as-required wpcf7-text wpcf7-validates-as-email\" id=\"E-Mail\" aria-required=\"true\" aria-invalid=\"false\" value=\"\" type=\"email\" name=\"your-email\" \/><\/span>\n<\/p>\n<p>Z\u00e4hlernummer<br \/>\n<span class=\"wpcf7-form-control-wrap\" data-name=\"text-66\"><input size=\"20\" maxlength=\"16\" class=\"wpcf7-form-control wpcf7-text wpcf7-validates-as-required\" id=\"Zaehler1\" aria-required=\"true\" aria-invalid=\"false\" value=\"\" type=\"text\" name=\"text-66\" \/><\/span><br \/>\nZ\u00e4hlerstand in m\u00b3\n\t<font size=\"1\">(Bitte den Z\u00e4hlerstand mit den drei Stellen nach dem Komma angeben!)\n\t<\/font><br \/>\n<span class=\"wpcf7-form-control-wrap\" data-name=\"text-974\"><input size=\"11\" maxlength=\"9\" class=\"wpcf7-form-control wpcf7-text wpcf7-validates-as-required\" id=\"Zaehler2\" aria-required=\"true\" aria-invalid=\"false\" placeholder=\"-----,---\" value=\"\" type=\"text\" name=\"text-974\" \/><\/span>\n<\/p>\n<p>Ablesedatum<br \/>\n<span class=\"wpcf7-form-control-wrap\" data-name=\"text-181\"><input size=\"12\" maxlength=\"10\" class=\"wpcf7-form-control wpcf7-text wpcf7-validates-as-required\" id=\"Ablesedatum\" aria-required=\"true\" aria-invalid=\"false\" placeholder=\"tt.mm.jjjj\" value=\"\" type=\"text\" name=\"text-181\" \/><\/span>\n<\/p>\n<p><span class=\"wpcf7-form-control-wrap\" data-name=\"acceptance-230\"><span class=\"wpcf7-form-control wpcf7-acceptance\"><span class=\"wpcf7-list-item\"><label><input type=\"checkbox\" name=\"acceptance-230\" value=\"1\" aria-invalid=\"false\" \/><span class=\"wpcf7-list-item-label\">Ich versichere, dass der hier angegebene Z\u00e4hlerstand dem tats\u00e4chlich abgelesenen Z\u00e4hlerstand meiner Wasseruhr entspricht.<\/span><\/label><\/span><\/span><\/span>\n<\/p>\n<p><input class=\"wpcf7-form-control wpcf7-submit has-spinner\" type=\"submit\" value=\"Z\u00e4hlerstand \u00fcbermitteln\" \/>\n<\/p><p style=\"display: none !important;\" class=\"akismet-fields-container\" data-prefix=\"_wpcf7_ak_\"><label>&#916;<textarea name=\"_wpcf7_ak_hp_textarea\" cols=\"45\" rows=\"8\" maxlength=\"100\"><\/textarea><\/label><input type=\"hidden\" id=\"ak_js_1\" name=\"_wpcf7_ak_js\" value=\"53\"\/><script>document.getElementById( \"ak_js_1\" ).setAttribute( \"value\", ( new Date() ).getTime() );<\/script><\/p><div class=\"wpcf7-response-output\" aria-hidden=\"true\"><\/div>\n<\/form>\n<\/div>\n\n<\/div>","protected":false},"excerpt":{"rendered":"<div class=\"page-restrict-output\"><p>Auf dieser Seite k\u00f6nnen alle Parzelleninhaber den Z\u00e4hlerstand ihrer Wasseruhr auf elektronischem Wege an die zust\u00e4ndige Stelle im Vorstand \u00fcbermitteln. Das Ausf\u00fcllen der Wasserz\u00e4hlerkarte entf\u00e4llt damit. Alle Felder sind Pflichtfelder. Z\u00e4hlerstanderfassung<\/p>\n<\/div>","protected":false},"author":2,"featured_media":0,"parent":331,"menu_order":0,"comment_status":"closed","ping_status":"closed","template":"","meta":{"ngg_post_thumbnail":0,"footnotes":""},"class_list":["post-1478","page","type-page","status-publish","hentry"],"_links":{"self":[{"href":"https:\/\/www.es-blueht.de\/index.php?rest_route=\/wp\/v2\/pages\/1478","targetHints":{"allow":["GET"]}}],"collection":[{"href":"https:\/\/www.es-blueht.de\/index.php?rest_route=\/wp\/v2\/pages"}],"about":[{"href":"https:\/\/www.es-blueht.de\/index.php?rest_route=\/wp\/v2\/types\/page"}],"author":[{"embeddable":true,"href":"https:\/\/www.es-blueht.de\/index.php?rest_route=\/wp\/v2\/users\/2"}],"replies":[{"embeddable":true,"href":"https:\/\/www.es-blueht.de\/index.php?rest_route=%2Fwp%2Fv2%2Fcomments&post=1478"}],"version-history":[{"count":9,"href":"https:\/\/www.es-blueht.de\/index.php?rest_route=\/wp\/v2\/pages\/1478\/revisions"}],"predecessor-version":[{"id":2339,"href":"https:\/\/www.es-blueht.de\/index.php?rest_route=\/wp\/v2\/pages\/1478\/revisions\/2339"}],"up":[{"embeddable":true,"href":"https:\/\/www.es-blueht.de\/index.php?rest_route=\/wp\/v2\/pages\/331"}],"wp:attachment":[{"href":"https:\/\/www.es-blueht.de\/index.php?rest_route=%2Fwp%2Fv2%2Fmedia&parent=1478"}],"curies":[{"name":"wp","href":"https:\/\/api.w.org\/{rel}","templated":true}]}}