{"id":1818,"date":"2016-08-22T17:35:33","date_gmt":"2016-08-22T17:35:33","guid":{"rendered":"http:\/\/www.es-blueht.de\/?page_id=1818"},"modified":"2016-08-22T17:36:16","modified_gmt":"2016-08-22T17:36:16","slug":"sommerfest-2016","status":"publish","type":"page","link":"https:\/\/www.es-blueht.de\/?page_id=1818","title":{"rendered":"Sommerfest 2016"},"content":{"rendered":"<div class=\"page-restrict-output\"><p><a href=\"?page_id=498\">\u00ab Zur\u00fcck zur \u00dcbersicht<\/a><\/p>\nngg_shortcode_0_placeholder\n<p><a href=\"?page_id=498\">\u00ab Zur\u00fcck zur \u00dcbersicht<\/a><\/p>\n<p>Wer m\u00f6chte kann zu den hier gezeigten Bildern einen Kommentar hinterlassen.<\/p>\n<\/div>","protected":false},"excerpt":{"rendered":"<div class=\"page-restrict-output\"><p>\u00ab Zur\u00fcck zur \u00dcbersicht \u00ab Zur\u00fcck zur \u00dcbersicht Wer m\u00f6chte kann zu den hier gezeigten Bildern einen Kommentar hinterlassen.<\/p>\n<\/div>","protected":false},"author":2,"featured_media":0,"parent":498,"menu_order":0,"comment_status":"open","ping_status":"closed","template":"","meta":{"ngg_post_thumbnail":0,"footnotes":""},"class_list":["post-1818","page","type-page","status-publish","hentry"],"_links":{"self":[{"href":"https:\/\/www.es-blueht.de\/index.php?rest_route=\/wp\/v2\/pages\/1818","targetHints":{"allow":["GET"]}}],"collection":[{"href":"https:\/\/www.es-blueht.de\/index.php?rest_route=\/wp\/v2\/pages"}],"about":[{"href":"https:\/\/www.es-blueht.de\/index.php?rest_route=\/wp\/v2\/types\/page"}],"author":[{"embeddable":true,"href":"https:\/\/www.es-blueht.de\/index.php?rest_route=\/wp\/v2\/users\/2"}],"replies":[{"embeddable":true,"href":"https:\/\/www.es-blueht.de\/index.php?rest_route=%2Fwp%2Fv2%2Fcomments&post=1818"}],"version-history":[{"count":1,"href":"https:\/\/www.es-blueht.de\/index.php?rest_route=\/wp\/v2\/pages\/1818\/revisions"}],"predecessor-version":[{"id":1819,"href":"https:\/\/www.es-blueht.de\/index.php?rest_route=\/wp\/v2\/pages\/1818\/revisions\/1819"}],"up":[{"embeddable":true,"href":"https:\/\/www.es-blueht.de\/index.php?rest_route=\/wp\/v2\/pages\/498"}],"wp:attachment":[{"href":"https:\/\/www.es-blueht.de\/index.php?rest_route=%2Fwp%2Fv2%2Fmedia&parent=1818"}],"curies":[{"name":"wp","href":"https:\/\/api.w.org\/{rel}","templated":true}]}}