{"id":21,"date":"2010-02-27T17:31:32","date_gmt":"2010-02-27T17:31:32","guid":{"rendered":"http:\/\/192.168.100.253\/.redirected\/esblueht.de\/?page_id=21"},"modified":"2018-06-01T11:15:26","modified_gmt":"2018-06-01T10:15:26","slug":"impressum","status":"publish","type":"page","link":"https:\/\/www.es-blueht.de\/?page_id=21","title":{"rendered":"Impressum"},"content":{"rendered":"<div class=\"page-restrict-output\"><p>Gartenbauverein &#8222;Es bl\u00fcht&#8220; e.V. von 1921 (418)<br \/>\nL\u00e4mmersieth, 22305 Hamburg.<\/p>\n<p>Eingetragener Verein im Vereinsregister beim Amtsgericht Hamburg<\/p>\n<p style=\"padding-left: 30px;\"><strong>1. Vorsitzende<br \/>\n<\/strong>Silke Frese Grenzbachstr. 4<br \/>\n22177 Hamburg<\/p>\n<p style=\"padding-left: 30px;\"><strong>Internet:<\/strong> <a href=\"http:\/\/www.esblueht.de\">www.es-blueht.de<br \/>\n<\/a><strong>E-Mail:<\/strong> vorstand [at] es-blueht [Punkt] de<\/p>\n<p>&nbsp;<\/p>\n<p>Mit der Nutzung unserer Webseite erkl\u00e4ren Sie sich mit unserer Datenschutzerkl\u00e4rung einverstanden.<\/p>\n<blockquote>\n<p><a href=\"https:\/\/www.es-blueht.de\/?page_id=2056\"><strong>Datenschutzerkl\u00e4rung<\/strong><\/a><\/p>\n<\/blockquote>\n<\/div>","protected":false},"excerpt":{"rendered":"<div class=\"page-restrict-output\"><p>Gartenbauverein &#8222;Es bl\u00fcht&#8220; e.V. von 1921 (418) L\u00e4mmersieth, 22305 Hamburg. Eingetragener Verein im Vereinsregister beim Amtsgericht Hamburg 1. Vorsitzende Silke Frese Grenzbachstr. 4 22177 Hamburg Internet: www.es-blueht.de E-Mail: vorstand [at] es-blueht [Punkt] de &nbsp; Mit der Nutzung unserer Webseite erkl\u00e4ren Sie sich mit unserer Datenschutzerkl\u00e4rung einverstanden. Datenschutzerkl\u00e4rung<\/p>\n<\/div>","protected":false},"author":54,"featured_media":0,"parent":0,"menu_order":0,"comment_status":"closed","ping_status":"closed","template":"","meta":{"ngg_post_thumbnail":0,"footnotes":""},"class_list":["post-21","page","type-page","status-publish","hentry"],"_links":{"self":[{"href":"https:\/\/www.es-blueht.de\/index.php?rest_route=\/wp\/v2\/pages\/21","targetHints":{"allow":["GET"]}}],"collection":[{"href":"https:\/\/www.es-blueht.de\/index.php?rest_route=\/wp\/v2\/pages"}],"about":[{"href":"https:\/\/www.es-blueht.de\/index.php?rest_route=\/wp\/v2\/types\/page"}],"author":[{"embeddable":true,"href":"https:\/\/www.es-blueht.de\/index.php?rest_route=\/wp\/v2\/users\/54"}],"replies":[{"embeddable":true,"href":"https:\/\/www.es-blueht.de\/index.php?rest_route=%2Fwp%2Fv2%2Fcomments&post=21"}],"version-history":[{"count":33,"href":"https:\/\/www.es-blueht.de\/index.php?rest_route=\/wp\/v2\/pages\/21\/revisions"}],"predecessor-version":[{"id":2282,"href":"https:\/\/www.es-blueht.de\/index.php?rest_route=\/wp\/v2\/pages\/21\/revisions\/2282"}],"wp:attachment":[{"href":"https:\/\/www.es-blueht.de\/index.php?rest_route=%2Fwp%2Fv2%2Fmedia&parent=21"}],"curies":[{"name":"wp","href":"https:\/\/api.w.org\/{rel}","templated":true}]}}