{"id":3162,"date":"2021-10-22T10:21:41","date_gmt":"2021-10-22T09:21:41","guid":{"rendered":"http:\/\/www.es-blueht.de\/?page_id=3162"},"modified":"2021-10-22T10:31:14","modified_gmt":"2021-10-22T09:31:14","slug":"kontakt-zum-vorstand","status":"publish","type":"page","link":"https:\/\/www.es-blueht.de\/?page_id=3162","title":{"rendered":"Kontakt zum Vorstand"},"content":{"rendered":"<div class=\"page-restrict-output\"><p>\u00dcber das nachfolgende Formular k\u00f6nnen Sie sich direkt an den Vorstand des GBV &#8222;Es bl\u00fcht&#8220; e.V. wenden. Alle Felder sind Pflichtfelder. Beachten Sie bitte unsere <a href=\"https:\/\/www.es-blueht.de\/?page_id=2056\"><strong>Datenschutzerkl\u00e4rung<\/strong><\/a>.<\/p>\n<p>&nbsp;<\/p>\n<h3><strong>Nachricht an den Vorstand<br \/>\n<\/strong><\/h3>\n<p>&nbsp;<\/p>\n\n<div class=\"wpcf7 no-js\" id=\"wpcf7-f950-o1\" lang=\"en-US\" dir=\"ltr\" data-wpcf7-id=\"950\">\n<div class=\"screen-reader-response\"><p role=\"status\" aria-live=\"polite\" aria-atomic=\"true\"><\/p> <ul><\/ul><\/div>\n<form action=\"\/index.php?rest_route=%2Fwp%2Fv2%2Fpages%2F3162#wpcf7-f950-o1\" method=\"post\" class=\"wpcf7-form init\" aria-label=\"Contact form\" novalidate=\"novalidate\" data-status=\"init\">\n<fieldset class=\"hidden-fields-container\"><input type=\"hidden\" name=\"_wpcf7\" value=\"950\" \/><input type=\"hidden\" name=\"_wpcf7_version\" value=\"6.1.5\" \/><input type=\"hidden\" name=\"_wpcf7_locale\" value=\"en_US\" \/><input type=\"hidden\" name=\"_wpcf7_unit_tag\" value=\"wpcf7-f950-o1\" \/><input type=\"hidden\" name=\"_wpcf7_container_post\" value=\"0\" \/><input type=\"hidden\" name=\"_wpcf7_posted_data_hash\" value=\"\" \/><input type=\"hidden\" name=\"_wpcf7_recaptcha_response\" value=\"\" \/>\n<\/fieldset>\n<p>Ihr Name\n<\/p>\n<p><span class=\"wpcf7-form-control-wrap\" data-name=\"your-name\"><input size=\"40\" maxlength=\"400\" class=\"wpcf7-form-control wpcf7-text wpcf7-validates-as-required\" id=\"Name_voll\" aria-required=\"true\" aria-invalid=\"false\" value=\"\" type=\"text\" name=\"your-name\" \/><\/span>\n<\/p>\n<p>Ihre E-Mail Adresse\n<\/p>\n<p><span class=\"wpcf7-form-control-wrap\" data-name=\"your-email\"><input size=\"40\" maxlength=\"400\" class=\"wpcf7-form-control wpcf7-email wpcf7-validates-as-required wpcf7-text wpcf7-validates-as-email\" id=\"E-Mail\" aria-required=\"true\" aria-invalid=\"false\" value=\"\" type=\"email\" name=\"your-email\" \/><\/span>\n<\/p>\n<p>W\u00e4hlen Sie ein Thema\n<\/p>\n<p><span class=\"wpcf7-form-control-wrap\" data-name=\"menu-345\"><select class=\"wpcf7-form-control wpcf7-select wpcf7-validates-as-required\" id=\"Drop_Vorstand\" aria-required=\"true\" aria-invalid=\"false\" name=\"menu-345\"><option value=\"Allgemeine Anfrage\">Allgemeine Anfrage<\/option><option value=\"Allgemeine Information\">Allgemeine Information<\/option><option value=\"Bewerbung um einen Kleingarten\">Bewerbung um einen Kleingarten<\/option><option value=\"Ein Problem melden\">Ein Problem melden<\/option><option value=\"Eine Beschwerde einreichen\">Eine Beschwerde einreichen<\/option><\/select><\/span>\n<\/p>\n<p>Ihre Nachricht an den Vorstand\n<\/p>\n<p><span class=\"wpcf7-form-control-wrap\" data-name=\"your-message\"><textarea cols=\"45\" rows=\"5\" maxlength=\"2000\" class=\"wpcf7-form-control wpcf7-textarea wpcf7-validates-as-required\" id=\"Nachricht\" aria-required=\"true\" aria-invalid=\"false\" name=\"your-message\"><\/textarea><\/span>\n<\/p>\n<p><input class=\"wpcf7-form-control wpcf7-submit has-spinner\" type=\"submit\" value=\"Nachricht senden\" \/>\n<\/p>\n<p style=\"display: none !important;\" class=\"akismet-fields-container\" data-prefix=\"_wpcf7_ak_\"><label>&#916;<textarea name=\"_wpcf7_ak_hp_textarea\" cols=\"45\" rows=\"8\" maxlength=\"100\"><\/textarea><\/label><input type=\"hidden\" id=\"ak_js_1\" name=\"_wpcf7_ak_js\" value=\"118\"\/><script>document.getElementById( \"ak_js_1\" ).setAttribute( \"value\", ( new Date() ).getTime() );<\/script><\/p><div class=\"wpcf7-response-output\" aria-hidden=\"true\"><\/div>\n<\/form>\n<\/div>\n\n<\/div>","protected":false},"excerpt":{"rendered":"<div class=\"page-restrict-output\"><p>\u00dcber das nachfolgende Formular k\u00f6nnen Sie sich direkt an den Vorstand des GBV &#8222;Es bl\u00fcht&#8220; e.V. wenden. Alle Felder sind Pflichtfelder. Beachten Sie bitte unsere Datenschutzerkl\u00e4rung. &nbsp; Nachricht an den Vorstand &nbsp;<\/p>\n<\/div>","protected":false},"author":2,"featured_media":0,"parent":990,"menu_order":1,"comment_status":"closed","ping_status":"closed","template":"","meta":{"ngg_post_thumbnail":0,"footnotes":""},"class_list":["post-3162","page","type-page","status-publish","hentry"],"_links":{"self":[{"href":"https:\/\/www.es-blueht.de\/index.php?rest_route=\/wp\/v2\/pages\/3162","targetHints":{"allow":["GET"]}}],"collection":[{"href":"https:\/\/www.es-blueht.de\/index.php?rest_route=\/wp\/v2\/pages"}],"about":[{"href":"https:\/\/www.es-blueht.de\/index.php?rest_route=\/wp\/v2\/types\/page"}],"author":[{"embeddable":true,"href":"https:\/\/www.es-blueht.de\/index.php?rest_route=\/wp\/v2\/users\/2"}],"replies":[{"embeddable":true,"href":"https:\/\/www.es-blueht.de\/index.php?rest_route=%2Fwp%2Fv2%2Fcomments&post=3162"}],"version-history":[{"count":1,"href":"https:\/\/www.es-blueht.de\/index.php?rest_route=\/wp\/v2\/pages\/3162\/revisions"}],"predecessor-version":[{"id":3165,"href":"https:\/\/www.es-blueht.de\/index.php?rest_route=\/wp\/v2\/pages\/3162\/revisions\/3165"}],"up":[{"embeddable":true,"href":"https:\/\/www.es-blueht.de\/index.php?rest_route=\/wp\/v2\/pages\/990"}],"wp:attachment":[{"href":"https:\/\/www.es-blueht.de\/index.php?rest_route=%2Fwp%2Fv2%2Fmedia&parent=3162"}],"curies":[{"name":"wp","href":"https:\/\/api.w.org\/{rel}","templated":true}]}}