{"id":320,"date":"2010-04-08T08:13:02","date_gmt":"2010-04-08T08:13:02","guid":{"rendered":"http:\/\/www.es-blueht.de\/?page_id=320"},"modified":"2025-05-22T10:22:45","modified_gmt":"2025-05-22T09:22:45","slug":"mitgliederbestimmungen","status":"publish","type":"page","link":"https:\/\/www.es-blueht.de\/?page_id=320","title":{"rendered":"Mitgliederbestimmungen"},"content":{"rendered":"<div class=\"page-restrict-output\"><p>Liebe Gartenfreundin, lieber Gartenfreund!<\/p>\n<p>In jeder Gemeinschaft, so auch bei uns, gibt es Verhaltensregeln, die von allen Mitgliedern zu beachten sind. Nachfolgende Hinweise beruhen auf Beschl\u00fcsse der Mitgliederversammlung des Vereins, auf Satzung und Gartenordnung sowie auf Verordnungen verschiedener Beh\u00f6rden.<\/p>\n<p>&nbsp;<\/p>\n<p><strong>1. Mitgliederversammlung<\/strong><\/p>\n<p>Sie findet j\u00e4hrlich im Februar statt. Eine schriftliche Einladung und die Tagesordnung wird allen Mitgliedern vier Wochen vorher zugesandt. An ihr sollten alle Mitglieder teilnehmen, da hier \u00fcber die Entwicklung des Vereins berichtet und \u00fcber Antr\u00e4ge und Umlagen abgestimmt wird, die sp\u00e4ter f\u00fcr alle rechtsverbindlich sind.<\/p>\n<p><strong>2. Jahresrechnung<\/strong><\/p>\n<p>Sie wird zum Jahreswechsel versandt und enth\u00e4lt s\u00e4mtliche f\u00fcr das Jahr anfallenden Kosten f\u00fcr Ihre Parzelle. Der Zahlungstermin ist der 15. Februar.<\/p>\n<p><strong>3. Wasser<\/strong><\/p>\n<p>Da wir nur Sommerleitungen im Gel\u00e4nde haben, wird das Wasser im Herbst abgestellt. Dazu m\u00fcssen zur Entleerung der Leitungen die Wasserh\u00e4hne auf den Parzellen f\u00fcr einige Tage ge\u00f6ffnet bleiben. Sie m\u00fcssen aber auf jeden Fall bis zum wieder Anstellen im Fr\u00fchling geschlossen werden. Die genauen Termine werden durch Aushang bekannt gegeben. In den Parzellen befinden sich Absperrventile, in der Regel dort wo auch die Wasseruhren montiert sind. Die Wasseruhren sind beim Wasserabstellen abzubauen und Frostfrei zu lagern.<\/p>\n<p><strong>4. Gemeinschaftsarbeit<\/strong><\/p>\n<p>Alle Mitglieder sind verpflichtet, auf Weisung des Vorstandes Gemeinschaftsarbeit zu erbringen. Die Zahl der Stunden wurde j\u00e4hrlich auf 6 Stunden festgesetzt. Auf Beschluss der Mitgliederversammlung wird bei Verhinderung ein Betrag von 10,00 \u20ac f\u00fcr jede nicht geleistete Stunde erhoben und mit der Jahresrechnung eingezogen.<\/p>\n<p><strong>5. Versicherungen<\/strong><\/p>\n<p>Einbr\u00fcche und Br\u00e4nde sind \u00fcber ihre Feuer-Einbruch-Diebstahl Versicherung abgesichert. Sie sollten aber f\u00fcr ihr Inventar eine H\u00f6henversicherung abschlie\u00dfen. F\u00fcr die Versicherungen ist die Kassiererin in unserem Verein zust\u00e4ndig.<a name=\"Laermschutz\"><\/a><\/p>\n<p><strong style=\"line-height: 1.5em;\">6. L\u00e4rmschutz<\/strong><\/p>\n<p>Durch eine EU-Bestimmung ist die Hamburgische L\u00e4rmschutzverordnung nicht mehr in Kraft. Da unser Vereinsgel\u00e4nde Erholungsgebiet ist, haben wir die wichtigsten Punkte der vorhergehenden L\u00e4rmschutzverordnung in Vereinsrecht \u00fcbernommen:<\/p>\n<p>Auf der Mitgliederversammlung vom 16.05.2025 wurde folgende \u00c4nderung der L\u00e4rmschutzregelung beschlossen:<\/p>\n<p>Die Benutzung l\u00e4rmerzeugender Ger\u00e4te wie z.B. Rasenm\u00e4her, Bohrmaschine, Schredder und das Abspielen lauter Musik ist zu folgenden Zeiten erlaubt:<br \/>\nMontag &#8211; Sonnabend: 7:00 Uhr bis 20:00 Uhr<\/p>\n<p>Au\u00dferhalb der genannten Zeiten sowie an Sonn- und Feiertagen ist jeglicher L\u00e4rm zu unterlassen.&nbsp;<\/p>\n<p>Das Befahren der Wege mit motorisierten Fahrzeugen ist an Sonn- und Feiertagen verboten!<\/p>\n<p><strong>7. Toiletten<\/strong><\/p>\n<p>Wir haben eine Sch\u00fcttstelle auf unserem Gel\u00e4nde. Alle Wasser WC`s (au\u00dfer Torftoiletten, Camping WC oder WC`s zum entleeren in die Sch\u00fcttstelle) sind im Kleingarten Verboten. Die Sch\u00fcttstelle ist von dem jeweiligen Benutzer auch zu reinigen.<\/p>\n<p><strong>8. Toreinfahrt<\/strong><\/p>\n<p>Die Toreinfahrten sind den ganzen Sommer ge\u00f6ffnet. In den Wintermonaten von Ende Oktober bis Ende M\u00e4rz, ist das Befahren der Wege mit Kraftfahrzeugen jeglicher Art&nbsp; durch Mitgliederbeschluss verboten. Daher sind die Tore zu diesem Zeitpunkt abgeschlossen.<\/p>\n<p><strong>9. Hecken und Wege<\/strong><\/p>\n<p>Die Hecken sind zweimal im Jahr, und zwar ab Ende Juni (Vogelschutz) und ab September zu schneiden. Die Termine werden in den Schauk\u00e4sten bekannt gegeben. Es sind auch alle Rankgew\u00e4chse und Unkr\u00e4uter aus der Hecke zu entfernen.<\/p>\n<p><strong>10. Verbrennen<\/strong><\/p>\n<p>Das Verbrennen von Gartenabf\u00e4llen ist in Hamburg bedingt erlaubt. In der Zeit vom 01. November bis 31. M\u00e4rz ist es geduldet, soweit sich kein Anlieger gest\u00f6rt f\u00fchlt und die Rauchentwicklung den Stra\u00dfenverkehr nicht behindert.<\/p>\n<p><strong>11. Stromanschl\u00fcsse<\/strong><\/p>\n<p>Alle Stromanschl\u00fcsse im Gartengel\u00e4nde sind von den P\u00e4chtern und nicht vom Verein abzurechnen.<\/p>\n<\/div>","protected":false},"excerpt":{"rendered":"<div class=\"page-restrict-output\"><p>Liebe Gartenfreundin, lieber Gartenfreund! In jeder Gemeinschaft, so auch bei uns, gibt es Verhaltensregeln, die von allen Mitgliedern zu beachten sind. Nachfolgende Hinweise beruhen auf Beschl\u00fcsse der Mitgliederversammlung des Vereins, auf Satzung und Gartenordnung sowie auf Verordnungen verschiedener Beh\u00f6rden. &nbsp; 1. Mitgliederversammlung Sie findet j\u00e4hrlich im Februar statt. Eine schriftliche Einladung und die Tagesordnung wird [&hellip;]<\/p>\n<\/div>","protected":false},"author":2,"featured_media":0,"parent":39,"menu_order":2,"comment_status":"closed","ping_status":"closed","template":"","meta":{"ngg_post_thumbnail":0,"footnotes":""},"class_list":["post-320","page","type-page","status-publish","hentry"],"_links":{"self":[{"href":"https:\/\/www.es-blueht.de\/index.php?rest_route=\/wp\/v2\/pages\/320","targetHints":{"allow":["GET"]}}],"collection":[{"href":"https:\/\/www.es-blueht.de\/index.php?rest_route=\/wp\/v2\/pages"}],"about":[{"href":"https:\/\/www.es-blueht.de\/index.php?rest_route=\/wp\/v2\/types\/page"}],"author":[{"embeddable":true,"href":"https:\/\/www.es-blueht.de\/index.php?rest_route=\/wp\/v2\/users\/2"}],"replies":[{"embeddable":true,"href":"https:\/\/www.es-blueht.de\/index.php?rest_route=%2Fwp%2Fv2%2Fcomments&post=320"}],"version-history":[{"count":17,"href":"https:\/\/www.es-blueht.de\/index.php?rest_route=\/wp\/v2\/pages\/320\/revisions"}],"predecessor-version":[{"id":3582,"href":"https:\/\/www.es-blueht.de\/index.php?rest_route=\/wp\/v2\/pages\/320\/revisions\/3582"}],"up":[{"embeddable":true,"href":"https:\/\/www.es-blueht.de\/index.php?rest_route=\/wp\/v2\/pages\/39"}],"wp:attachment":[{"href":"https:\/\/www.es-blueht.de\/index.php?rest_route=%2Fwp%2Fv2%2Fmedia&parent=320"}],"curies":[{"name":"wp","href":"https:\/\/api.w.org\/{rel}","templated":true}]}}