{"id":331,"date":"2010-04-08T08:41:00","date_gmt":"2010-04-08T08:41:00","guid":{"rendered":"http:\/\/www.es-blueht.de\/?page_id=331"},"modified":"2025-11-07T06:56:06","modified_gmt":"2025-11-07T05:56:06","slug":"wasserwarte","status":"publish","type":"page","link":"https:\/\/www.es-blueht.de\/?page_id=331","title":{"rendered":"Wasserwarte"},"content":{"rendered":"<div class=\"page-restrict-output\"><p style=\"text-align: center;\"><strong><img loading=\"lazy\" decoding=\"async\" class=\"alignleft\" title=\"wasseruhr_neu\" src=\"https:\/\/www.es-blueht.de\/wp-content\/uploads\/2010\/04\/wasseruhr_neu.jpg\" alt=\"\" width=\"125\" height=\"124\"><\/strong><\/p>\n<p>Auf der Mitgliederversammlung vom 21.2.2003 wurde eine neue Wasserableseregelung f\u00fcr die Wasserz\u00e4hler getroffen. Die Z\u00e4hlerst\u00e4nde werden von den P\u00e4chtern selbst abgelesen und auf die daf\u00fcr vorgesehenen <strong>Wasserz\u00e4hlerkarten<\/strong> (liegen in der Flyer-Box links vom Schaukasten) eingetragen oder schnell und einfach <a href=\"?page_id=1478\"><strong>online \u00fcbermittelt<\/strong><\/a>.<\/p>\n<p>Die Wasserz\u00e4hlerkarten m\u00fcssen bis sp\u00e4testens zu dem Tag an dem das Wasser abgestellt wird im Briefkasten abgegeben werden. Bei Nutzung der elektronischen \u00dcbermittlung muss der Z\u00e4hlerstand ebenfalls bis einschlie\u00dflich an dem Tag an dem das Wasser abgestellt wird \u00fcbermittelt werden.&nbsp;<\/p>\n<p>Sollte der Termin durch Urlaub oder Krankheit nicht eingehalten werden k\u00f6nnen, setzt euch bitte mit den Wasserwarten oder dem Vorstand in Verbindung. Bei einer sp\u00e4teren Abgabe wird der&nbsp; Verbrauch gesch\u00e4tzt und ein Aufschlag von 100% dazu gerechnet.<\/p>\n<p>Der jeweilige Termin zum An- und Abstellen des Wassers wird auf&nbsp;der Seite&nbsp;<a href=\"?page_id=1319\"><strong>Termine<\/strong><\/a>&nbsp;bekannt gegeben. Beachtet bitte die&nbsp;<a href=\"https:\/\/www.es-blueht.de\/wp-content\/uploads\/2010\/04\/Hinweise-Wasserabstellen.pdf\" target=\"_blank\" rel=\"noopener\"><strong>Hinweise zum An- und abstellen des Wassers<\/strong><\/a>.<\/p>\n<p>&#8212;<\/p>\n<p>Unsere Wasserwarte sind per Telefon erreichbar. Die Rufnummer lautet: <span style=\"font-size: 20px;\"><strong>040\/35730934<\/strong><\/span><\/p>\n<p>Es meldet sich ein Anrufbeantworter mit folgendem Text:<\/p>\n<blockquote>\n<p><em>Hallo, das ist die Rufnummer der Wasserwarte vom GBV \u201eEs bl\u00fcht e.V.\u201c<\/em><br \/>\n<em>Bitte nennt Euren Namen &amp; Parzellennummer.<\/em><br \/>\n<em>Wie k\u00f6nnen wir Euch erreichen? E-Mail oder Telefon<\/em><br \/>\n<em>Bitte beschreibt euer Anliegen und die Dringlichkeit.<\/em><br \/>\n<em>Wir melden uns.<\/em><br \/>\n<em>Sch\u00f6nen Tag \u2013 Eure Wasserwarte<\/em><\/p>\n<\/blockquote>\n<p>Ihr habt dann 2 Minuten um euer Anliegen zu formulieren.<\/p>\n<p>Die Wasserwarte h\u00f6ren diese Nachricht ab und melden sich nach ihren M\u00f6glichkeiten zur\u00fcck.<\/p>\n<p>&nbsp;<\/p>\n<p>Alternativ k\u00f6nnt ihr den Wasserwarten auch schreiben. Entweder benutzt ihr das Kontaktformular <a href=\"https:\/\/www.es-blueht.de\/?page_id=3158\"><strong>Kontakt zu den Wasserwarten<\/strong><\/a> oder schreibt eine E-Mail an <a href=\"mailto:wasserwarte@es-blueht.de\"><strong>wasserwarte@es-blueht.de<\/strong><\/a><\/p>\n<p>&nbsp;<\/p>\n<\/div>","protected":false},"excerpt":{"rendered":"<div class=\"page-restrict-output\"><p>Auf der Mitgliederversammlung vom 21.2.2003 wurde eine neue Wasserableseregelung f\u00fcr die Wasserz\u00e4hler getroffen. Die Z\u00e4hlerst\u00e4nde werden von den P\u00e4chtern selbst abgelesen und auf die daf\u00fcr vorgesehenen Wasserz\u00e4hlerkarten (liegen in der Flyer-Box links vom Schaukasten) eingetragen oder schnell und einfach online \u00fcbermittelt. Die Wasserz\u00e4hlerkarten m\u00fcssen bis sp\u00e4testens zu dem Tag an dem das Wasser abgestellt wird [&hellip;]<\/p>\n<\/div>","protected":false},"author":2,"featured_media":0,"parent":39,"menu_order":4,"comment_status":"closed","ping_status":"closed","template":"","meta":{"ngg_post_thumbnail":0,"footnotes":""},"class_list":["post-331","page","type-page","status-publish","hentry"],"_links":{"self":[{"href":"https:\/\/www.es-blueht.de\/index.php?rest_route=\/wp\/v2\/pages\/331","targetHints":{"allow":["GET"]}}],"collection":[{"href":"https:\/\/www.es-blueht.de\/index.php?rest_route=\/wp\/v2\/pages"}],"about":[{"href":"https:\/\/www.es-blueht.de\/index.php?rest_route=\/wp\/v2\/types\/page"}],"author":[{"embeddable":true,"href":"https:\/\/www.es-blueht.de\/index.php?rest_route=\/wp\/v2\/users\/2"}],"replies":[{"embeddable":true,"href":"https:\/\/www.es-blueht.de\/index.php?rest_route=%2Fwp%2Fv2%2Fcomments&post=331"}],"version-history":[{"count":52,"href":"https:\/\/www.es-blueht.de\/index.php?rest_route=\/wp\/v2\/pages\/331\/revisions"}],"predecessor-version":[{"id":3639,"href":"https:\/\/www.es-blueht.de\/index.php?rest_route=\/wp\/v2\/pages\/331\/revisions\/3639"}],"up":[{"embeddable":true,"href":"https:\/\/www.es-blueht.de\/index.php?rest_route=\/wp\/v2\/pages\/39"}],"wp:attachment":[{"href":"https:\/\/www.es-blueht.de\/index.php?rest_route=%2Fwp%2Fv2%2Fmedia&parent=331"}],"curies":[{"name":"wp","href":"https:\/\/api.w.org\/{rel}","templated":true}]}}