{"id":39,"date":"2010-02-27T18:29:22","date_gmt":"2010-02-27T18:29:22","guid":{"rendered":"http:\/\/192.168.100.253\/.redirected\/esblueht.de\/?page_id=39"},"modified":"2021-03-02T12:18:03","modified_gmt":"2021-03-02T11:18:03","slug":"intern","status":"publish","type":"page","link":"https:\/\/www.es-blueht.de\/?page_id=39","title":{"rendered":"Intern"},"content":{"rendered":"<div class=\"page-restrict-output\"><p>Dieser Bereich ist ausschlie\u00dflich f\u00fcr die Mitglieder unseres Gartenbauvereins zug\u00e4nglich. Hier werden Informationen ver\u00f6ffentlicht, die nur an die Mitglieder gerichtet sind.<\/p>\n<p>Du kannst aus folgenden Punkten w\u00e4hlen&#8230;<\/p>\n<p>\u2022 <a href=\"?page_id=1268\"><strong>Die Mitglieder unseres Gartenbauvereins<\/strong><\/a><br \/>\n\u2022 <a href=\"?page_id=609\"><strong>Vereinsfunktionen<\/strong><\/a><br \/>\n\u2022 <a href=\"?page_id=320\"><strong>Mitgliederbestimmungen<\/strong><\/a><br \/>\n\u2022 <a href=\"?page_id=1357\"><strong>Gemeinschaftsarbeit<\/strong><\/a><br \/>\n\u2022 <a href=\"?page_id=331\"><strong>Die Wasserwarte informieren<\/strong><\/a><br \/>\n&nbsp;&nbsp;\u2514 <a href=\"?page_id=1478\"><strong>Z\u00e4hlerstanderfassung Wasseruhren<\/strong><\/a> <br \/>\n\u2022 <a href=\"?page_id=498\"><strong>Bildergalerie<\/strong><\/a><br \/>\n\u2022 <a href=\"?page_id=2724\"><strong>Videos<\/strong><\/a><br \/>\n\u2022 <a href=\"?page_id=2176\"><strong>Ver\u00f6ffentlichungen und Protokolle der Mitgliederversammlungen<\/strong><\/a><br \/>\n\u2022 <a href=\"?page_id=463\"><strong>E-Mail Adressen f\u00fcr Mitglieder<\/strong><\/a><br \/>\n\u2022 <a href=\"?page_id=964\"><strong>Im Gedenken an&#8230;<\/strong><\/a><\/p>\n<p>&nbsp;<\/p>\n<p>\u2022 <a href=\"?page_id=3027\"><strong>Informationen zum Erweiterungsbau der TK an der Bramfelder Stra\u00dfe<\/strong><\/a><\/p>\n<p>&nbsp;<\/p>\n<p>&nbsp;<\/p>\n<\/div>","protected":false},"excerpt":{"rendered":"<div class=\"page-restrict-output\"><p>Dieser Bereich ist ausschlie\u00dflich f\u00fcr die Mitglieder unseres Gartenbauvereins zug\u00e4nglich. Hier werden Informationen ver\u00f6ffentlicht, die nur an die Mitglieder gerichtet sind. Du kannst aus folgenden Punkten w\u00e4hlen&#8230; \u2022 Die Mitglieder unseres Gartenbauvereins \u2022 Vereinsfunktionen \u2022 Mitgliederbestimmungen \u2022 Gemeinschaftsarbeit \u2022 Die Wasserwarte informieren &nbsp;&nbsp;\u2514 Z\u00e4hlerstanderfassung Wasseruhren \u2022 Bildergalerie \u2022 Videos \u2022 Ver\u00f6ffentlichungen und Protokolle der Mitgliederversammlungen [&hellip;]<\/p>\n<\/div>","protected":false},"author":54,"featured_media":0,"parent":0,"menu_order":0,"comment_status":"closed","ping_status":"closed","template":"","meta":{"ngg_post_thumbnail":0,"footnotes":""},"class_list":["post-39","page","type-page","status-publish","hentry"],"_links":{"self":[{"href":"https:\/\/www.es-blueht.de\/index.php?rest_route=\/wp\/v2\/pages\/39","targetHints":{"allow":["GET"]}}],"collection":[{"href":"https:\/\/www.es-blueht.de\/index.php?rest_route=\/wp\/v2\/pages"}],"about":[{"href":"https:\/\/www.es-blueht.de\/index.php?rest_route=\/wp\/v2\/types\/page"}],"author":[{"embeddable":true,"href":"https:\/\/www.es-blueht.de\/index.php?rest_route=\/wp\/v2\/users\/54"}],"replies":[{"embeddable":true,"href":"https:\/\/www.es-blueht.de\/index.php?rest_route=%2Fwp%2Fv2%2Fcomments&post=39"}],"version-history":[{"count":65,"href":"https:\/\/www.es-blueht.de\/index.php?rest_route=\/wp\/v2\/pages\/39\/revisions"}],"predecessor-version":[{"id":3032,"href":"https:\/\/www.es-blueht.de\/index.php?rest_route=\/wp\/v2\/pages\/39\/revisions\/3032"}],"wp:attachment":[{"href":"https:\/\/www.es-blueht.de\/index.php?rest_route=%2Fwp%2Fv2%2Fmedia&parent=39"}],"curies":[{"name":"wp","href":"https:\/\/api.w.org\/{rel}","templated":true}]}}