{"id":498,"date":"2010-04-09T10:55:29","date_gmt":"2010-04-09T10:55:29","guid":{"rendered":"http:\/\/www.es-blueht.de\/?page_id=498"},"modified":"2021-09-01T08:25:48","modified_gmt":"2021-09-01T07:25:48","slug":"bildergalerie","status":"publish","type":"page","link":"https:\/\/www.es-blueht.de\/?page_id=498","title":{"rendered":"Bildergalerie"},"content":{"rendered":"<div class=\"page-restrict-output\"><p>Hier gibt&#8217;s was zu sehen&#8230; und jeder kann etwas dazu beitragen. Wer selbst Bilder gemacht hat und sie hier gern sehen w\u00fcrde kann diese gern beim mir, Roland (Parzelle 3) abgeben oder mir per E-Mail zuschicken. Nat\u00fcrlich gilt das nur f\u00fcr Bilder von unseren Vereinsfeiern und sonstigen Dingen, den Verein betreffend.<\/p>\n<p>&nbsp;<\/p>\n<h4><span style=\"font-size: medium;\">Bilder aus unserem Gartenbauverein<\/span><\/h4>\n<p style=\"padding-left: 30px;\">\u2022 <a href=\"?page_id=1177\"><strong>von unseren Mitgliedern gemachte Fotos<\/strong><\/a><br \/>\n\u2022 <a href=\"?page_id=1654\"><strong>Hamburg r\u00e4umt auf 2015&#8230; der GBV packt mit an<\/strong><\/a><br \/>\n\u2022 <a href=\"?page_id=3125\"><strong>100 Jahre Es Bl\u00fcht. e.V.<\/strong><\/a><\/p>\n<p>&nbsp;<\/p>\n<p>&nbsp;<\/p>\n<h4><span style=\"font-size: medium;\">Bilder von den Vereinsfeiern<\/span><\/h4>\n<p>Osterfeuer<\/p>\n<table style=\"border-collapse: collapse; width: 100%;\">\n<tbody>\n<tr>\n<td style=\"width: 20%; text-align: center;\"><a href=\"?page_id=512\">2005<\/a><\/td>\n<td style=\"width: 20%; text-align: center;\"><a href=\"?page_id=528\">2006<\/a><\/td>\n<td style=\"width: 20%; text-align: center;\"><a href=\"?page_id=530\">2007<\/a><\/td>\n<td style=\"width: 20%; text-align: center;\"><a href=\"?page_id=532\">2008<\/a><\/td>\n<td style=\"width: 20%; text-align: center;\"><a href=\"?page_id=534\">2009<\/a><\/td>\n<\/tr>\n<tr>\n<td style=\"width: 20%; text-align: center;\"><a href=\"?page_id=521\">2010<\/a><\/td>\n<td style=\"width: 20%; text-align: center;\"><a href=\"?page_id=898\">2011<\/a><\/td>\n<td style=\"width: 20%; text-align: center;\"><a href=\"?page_id=1062\">2012<\/a><\/td>\n<td style=\"width: 20%; text-align: center;\"><span style=\"color: #999999;\"><a href=\"?page_id=1405\">2014<\/a><\/span><\/td>\n<td style=\"width: 20%; text-align: center;\">&nbsp;<\/td>\n<\/tr>\n<\/tbody>\n<\/table>\n<p>Sommerfest<\/p>\n<table style=\"border-collapse: collapse; width: 100%;\">\n<tbody>\n<tr>\n<td style=\"width: 20%; text-align: center;\"><a href=\"?page_id=538\">2006<\/a><\/td>\n<td style=\"width: 20%; text-align: center;\"><a href=\"?page_id=540\">2007<\/a><\/td>\n<td style=\"width: 20%; text-align: center;\"><a href=\"?page_id=542\">2008<\/a><\/td>\n<td style=\"width: 20%; text-align: center;\"><a href=\"?page_id=857\">2010<\/a><\/td>\n<td style=\"width: 20%; text-align: center;\"><a href=\"https:\/\/www.es-blueht.de\/?page_id=1818\">2016<\/a><\/td>\n<\/tr>\n<\/tbody>\n<\/table>\n<p>Weihnachten<\/p>\n<table style=\"border-collapse: collapse; width: 100%;\">\n<tbody>\n<tr>\n<td style=\"width: 20%; text-align: center;\"><a href=\"?page_id=546\">2004<\/a><\/td>\n<td style=\"width: 20%; text-align: center;\"><a href=\"?page_id=548\">2006<\/a><\/td>\n<td style=\"width: 20%; text-align: center;\"><a href=\"?page_id=565\">2008<\/a><\/td>\n<td style=\"width: 20%; text-align: center;\"><a href=\"?page_id=567\">2009<\/a><\/td>\n<td style=\"width: 20%; text-align: center;\">&nbsp;<\/td>\n<\/tr>\n<\/tbody>\n<\/table>\n<p>\nSollte jemand noch Bilder haben -&gt; immer her damit.<\/p>\n<p>In den einzelnen Bildergalerien gibt es die M\u00f6glichkeit einen Kommentar zu hinterlassen.<\/p>\n<\/div>","protected":false},"excerpt":{"rendered":"<div class=\"page-restrict-output\"><p>Hier gibt&#8217;s was zu sehen&#8230; und jeder kann etwas dazu beitragen. Wer selbst Bilder gemacht hat und sie hier gern sehen w\u00fcrde kann diese gern beim mir, Roland (Parzelle 3) abgeben oder mir per E-Mail zuschicken. Nat\u00fcrlich gilt das nur f\u00fcr Bilder von unseren Vereinsfeiern und sonstigen Dingen, den Verein betreffend. &nbsp; Bilder aus unserem [&hellip;]<\/p>\n<\/div>","protected":false},"author":2,"featured_media":0,"parent":39,"menu_order":5,"comment_status":"closed","ping_status":"closed","template":"","meta":{"ngg_post_thumbnail":0,"footnotes":""},"class_list":["post-498","page","type-page","status-publish","hentry"],"_links":{"self":[{"href":"https:\/\/www.es-blueht.de\/index.php?rest_route=\/wp\/v2\/pages\/498","targetHints":{"allow":["GET"]}}],"collection":[{"href":"https:\/\/www.es-blueht.de\/index.php?rest_route=\/wp\/v2\/pages"}],"about":[{"href":"https:\/\/www.es-blueht.de\/index.php?rest_route=\/wp\/v2\/types\/page"}],"author":[{"embeddable":true,"href":"https:\/\/www.es-blueht.de\/index.php?rest_route=\/wp\/v2\/users\/2"}],"replies":[{"embeddable":true,"href":"https:\/\/www.es-blueht.de\/index.php?rest_route=%2Fwp%2Fv2%2Fcomments&post=498"}],"version-history":[{"count":53,"href":"https:\/\/www.es-blueht.de\/index.php?rest_route=\/wp\/v2\/pages\/498\/revisions"}],"predecessor-version":[{"id":3129,"href":"https:\/\/www.es-blueht.de\/index.php?rest_route=\/wp\/v2\/pages\/498\/revisions\/3129"}],"up":[{"embeddable":true,"href":"https:\/\/www.es-blueht.de\/index.php?rest_route=\/wp\/v2\/pages\/39"}],"wp:attachment":[{"href":"https:\/\/www.es-blueht.de\/index.php?rest_route=%2Fwp%2Fv2%2Fmedia&parent=498"}],"curies":[{"name":"wp","href":"https:\/\/api.w.org\/{rel}","templated":true}]}}